{"id":2076,"date":"2025-12-16T08:13:30","date_gmt":"2025-12-16T08:13:30","guid":{"rendered":"https:\/\/fluidnavigation.shop\/?post_type=product&#038;p=2076"},"modified":"2026-01-15T19:26:37","modified_gmt":"2026-01-15T19:26:37","slug":"portable-car-jump-starter-with-air-compressor-5000a-12v-gasoline-diesel-engine-battery-enhancer-fast-charging-usb-output-jump-box-for-car-battery","status":"publish","type":"product","link":"https:\/\/fluidnavigation.shop\/es\/producto\/portable-car-jump-starter-with-air-compressor-5000a-12v-gasoline-diesel-engine-battery-enhancer-fast-charging-usb-output-jump-box-for-car-battery\/","title":{"rendered":"Arrancador de Salto de Coche Port\u00e1til con Compresor de Aire, 5000A 12V Potenciador de Bater\u00eda de Motor de Gasolina y Diesel, Caja de Salto de Salida USB de Carga R\u00e1pida para Bater\u00eda de Coche"},"content":{"rendered":"<div data-elementor-type=\"product-post\" data-elementor-id=\"2076\" class=\"elementor elementor-2076\" data-elementor-post-type=\"product\">\n\t\t\t\t<div class=\"elementor-element elementor-element-119a70ac e-flex e-con-boxed e-con e-parent\" data-id=\"119a70ac\" data-element_type=\"container\" data-settings=\"{&quot;ekit_has_onepagescroll_dot&quot;:&quot;yes&quot;}\">\n\t\t\t\t\t<div class=\"e-con-inner\">\n\t\t\t\t<div class=\"elementor-element elementor-element-ad5de76 elementor-widget elementor-widget-image\" data-id=\"ad5de76\" data-element_type=\"widget\" data-settings=\"{&quot;ekit_we_effect_on&quot;:&quot;none&quot;}\" data-widget_type=\"image.default\">\n\t\t\t\t<div class=\"elementor-widget-container\">\n\t\t\t\t\t\t\t\t\t\t\t\t\t\t\t<img fetchpriority=\"high\" decoding=\"async\" width=\"800\" height=\"800\" src=\"https:\/\/fluidnavigation.shop\/wp-content\/uploads\/2025\/12\/4cc2d59b80c3404cb94a289a38d57d57tplv-aphluv4xwc-resize-webp_800_800-1.webp\" class=\"attachment-large size-large wp-image-2091 wvs-archive-product-image\" alt=\"\" srcset=\"https:\/\/fluidnavigation.shop\/wp-content\/uploads\/2025\/12\/4cc2d59b80c3404cb94a289a38d57d57tplv-aphluv4xwc-resize-webp_800_800-1.webp 800w, https:\/\/fluidnavigation.shop\/wp-content\/uploads\/2025\/12\/4cc2d59b80c3404cb94a289a38d57d57tplv-aphluv4xwc-resize-webp_800_800-1-300x300.webp 300w, https:\/\/fluidnavigation.shop\/wp-content\/uploads\/2025\/12\/4cc2d59b80c3404cb94a289a38d57d57tplv-aphluv4xwc-resize-webp_800_800-1-150x150.webp 150w, https:\/\/fluidnavigation.shop\/wp-content\/uploads\/2025\/12\/4cc2d59b80c3404cb94a289a38d57d57tplv-aphluv4xwc-resize-webp_800_800-1-768x768.webp 768w, https:\/\/fluidnavigation.shop\/wp-content\/uploads\/2025\/12\/4cc2d59b80c3404cb94a289a38d57d57tplv-aphluv4xwc-resize-webp_800_800-1-12x12.webp 12w, https:\/\/fluidnavigation.shop\/wp-content\/uploads\/2025\/12\/4cc2d59b80c3404cb94a289a38d57d57tplv-aphluv4xwc-resize-webp_800_800-1-600x600.webp 600w, https:\/\/fluidnavigation.shop\/wp-content\/uploads\/2025\/12\/4cc2d59b80c3404cb94a289a38d57d57tplv-aphluv4xwc-resize-webp_800_800-1-100x100.webp 100w, https:\/\/fluidnavigation.shop\/wp-content\/uploads\/2025\/12\/4cc2d59b80c3404cb94a289a38d57d57tplv-aphluv4xwc-resize-webp_800_800-1-50x50.webp 50w\" sizes=\"(max-width: 800px) 100vw, 800px\" \/>\t\t\t\t\t\t\t\t\t\t\t\t\t\t\t<\/div>\n\t\t\t\t<\/div>\n\t\t\t\t<div class=\"elementor-element elementor-element-68986f5 elementor-widget elementor-widget-image\" data-id=\"68986f5\" data-element_type=\"widget\" data-settings=\"{&quot;ekit_we_effect_on&quot;:&quot;none&quot;}\" data-widget_type=\"image.default\">\n\t\t\t\t<div class=\"elementor-widget-container\">\n\t\t\t\t\t\t\t\t\t\t\t\t\t\t\t<img decoding=\"async\" width=\"800\" height=\"800\" src=\"https:\/\/fluidnavigation.shop\/wp-content\/uploads\/2025\/12\/223fcf03c63342808366d27502568066tplv-aphluv4xwc-resize-webp_800_800-1.webp\" class=\"attachment-large size-large wp-image-2092 wvs-archive-product-image\" alt=\"\" srcset=\"https:\/\/fluidnavigation.shop\/wp-content\/uploads\/2025\/12\/223fcf03c63342808366d27502568066tplv-aphluv4xwc-resize-webp_800_800-1.webp 800w, https:\/\/fluidnavigation.shop\/wp-content\/uploads\/2025\/12\/223fcf03c63342808366d27502568066tplv-aphluv4xwc-resize-webp_800_800-1-300x300.webp 300w, https:\/\/fluidnavigation.shop\/wp-content\/uploads\/2025\/12\/223fcf03c63342808366d27502568066tplv-aphluv4xwc-resize-webp_800_800-1-150x150.webp 150w, https:\/\/fluidnavigation.shop\/wp-content\/uploads\/2025\/12\/223fcf03c63342808366d27502568066tplv-aphluv4xwc-resize-webp_800_800-1-768x768.webp 768w, https:\/\/fluidnavigation.shop\/wp-content\/uploads\/2025\/12\/223fcf03c63342808366d27502568066tplv-aphluv4xwc-resize-webp_800_800-1-12x12.webp 12w, https:\/\/fluidnavigation.shop\/wp-content\/uploads\/2025\/12\/223fcf03c63342808366d27502568066tplv-aphluv4xwc-resize-webp_800_800-1-600x600.webp 600w, https:\/\/fluidnavigation.shop\/wp-content\/uploads\/2025\/12\/223fcf03c63342808366d27502568066tplv-aphluv4xwc-resize-webp_800_800-1-100x100.webp 100w, https:\/\/fluidnavigation.shop\/wp-content\/uploads\/2025\/12\/223fcf03c63342808366d27502568066tplv-aphluv4xwc-resize-webp_800_800-1-50x50.webp 50w\" sizes=\"(max-width: 800px) 100vw, 800px\" \/>\t\t\t\t\t\t\t\t\t\t\t\t\t\t\t<\/div>\n\t\t\t\t<\/div>\n\t\t\t\t<div class=\"elementor-element elementor-element-2c2f05c elementor-widget elementor-widget-image\" data-id=\"2c2f05c\" data-element_type=\"widget\" data-settings=\"{&quot;ekit_we_effect_on&quot;:&quot;none&quot;}\" data-widget_type=\"image.default\">\n\t\t\t\t<div class=\"elementor-widget-container\">\n\t\t\t\t\t\t\t\t\t\t\t\t\t\t\t<img decoding=\"async\" width=\"800\" height=\"800\" src=\"https:\/\/fluidnavigation.shop\/wp-content\/uploads\/2025\/12\/5561f5c102ea4d2e9849831febfcc930tplv-aphluv4xwc-resize-webp_800_800-1.webp\" class=\"attachment-large size-large wp-image-2093 wvs-archive-product-image\" alt=\"\" srcset=\"https:\/\/fluidnavigation.shop\/wp-content\/uploads\/2025\/12\/5561f5c102ea4d2e9849831febfcc930tplv-aphluv4xwc-resize-webp_800_800-1.webp 800w, https:\/\/fluidnavigation.shop\/wp-content\/uploads\/2025\/12\/5561f5c102ea4d2e9849831febfcc930tplv-aphluv4xwc-resize-webp_800_800-1-300x300.webp 300w, https:\/\/fluidnavigation.shop\/wp-content\/uploads\/2025\/12\/5561f5c102ea4d2e9849831febfcc930tplv-aphluv4xwc-resize-webp_800_800-1-150x150.webp 150w, https:\/\/fluidnavigation.shop\/wp-content\/uploads\/2025\/12\/5561f5c102ea4d2e9849831febfcc930tplv-aphluv4xwc-resize-webp_800_800-1-768x768.webp 768w, https:\/\/fluidnavigation.shop\/wp-content\/uploads\/2025\/12\/5561f5c102ea4d2e9849831febfcc930tplv-aphluv4xwc-resize-webp_800_800-1-12x12.webp 12w, https:\/\/fluidnavigation.shop\/wp-content\/uploads\/2025\/12\/5561f5c102ea4d2e9849831febfcc930tplv-aphluv4xwc-resize-webp_800_800-1-600x600.webp 600w, https:\/\/fluidnavigation.shop\/wp-content\/uploads\/2025\/12\/5561f5c102ea4d2e9849831febfcc930tplv-aphluv4xwc-resize-webp_800_800-1-100x100.webp 100w, https:\/\/fluidnavigation.shop\/wp-content\/uploads\/2025\/12\/5561f5c102ea4d2e9849831febfcc930tplv-aphluv4xwc-resize-webp_800_800-1-50x50.webp 50w\" sizes=\"(max-width: 800px) 100vw, 800px\" \/>\t\t\t\t\t\t\t\t\t\t\t\t\t\t\t<\/div>\n\t\t\t\t<\/div>\n\t\t\t\t<div class=\"elementor-element elementor-element-a607952 elementor-widget elementor-widget-image\" data-id=\"a607952\" data-element_type=\"widget\" data-settings=\"{&quot;ekit_we_effect_on&quot;:&quot;none&quot;}\" data-widget_type=\"image.default\">\n\t\t\t\t<div class=\"elementor-widget-container\">\n\t\t\t\t\t\t\t\t\t\t\t\t\t\t\t<img loading=\"lazy\" decoding=\"async\" width=\"800\" height=\"800\" src=\"https:\/\/fluidnavigation.shop\/wp-content\/uploads\/2025\/12\/028873a8fd304592bc4a8d3b4bc25099tplv-aphluv4xwc-resize-webp_800_800-1.webp\" class=\"attachment-large size-large wp-image-2094 wvs-archive-product-image\" alt=\"\" srcset=\"https:\/\/fluidnavigation.shop\/wp-content\/uploads\/2025\/12\/028873a8fd304592bc4a8d3b4bc25099tplv-aphluv4xwc-resize-webp_800_800-1.webp 800w, https:\/\/fluidnavigation.shop\/wp-content\/uploads\/2025\/12\/028873a8fd304592bc4a8d3b4bc25099tplv-aphluv4xwc-resize-webp_800_800-1-300x300.webp 300w, https:\/\/fluidnavigation.shop\/wp-content\/uploads\/2025\/12\/028873a8fd304592bc4a8d3b4bc25099tplv-aphluv4xwc-resize-webp_800_800-1-150x150.webp 150w, https:\/\/fluidnavigation.shop\/wp-content\/uploads\/2025\/12\/028873a8fd304592bc4a8d3b4bc25099tplv-aphluv4xwc-resize-webp_800_800-1-768x768.webp 768w, https:\/\/fluidnavigation.shop\/wp-content\/uploads\/2025\/12\/028873a8fd304592bc4a8d3b4bc25099tplv-aphluv4xwc-resize-webp_800_800-1-12x12.webp 12w, https:\/\/fluidnavigation.shop\/wp-content\/uploads\/2025\/12\/028873a8fd304592bc4a8d3b4bc25099tplv-aphluv4xwc-resize-webp_800_800-1-600x600.webp 600w, https:\/\/fluidnavigation.shop\/wp-content\/uploads\/2025\/12\/028873a8fd304592bc4a8d3b4bc25099tplv-aphluv4xwc-resize-webp_800_800-1-100x100.webp 100w, https:\/\/fluidnavigation.shop\/wp-content\/uploads\/2025\/12\/028873a8fd304592bc4a8d3b4bc25099tplv-aphluv4xwc-resize-webp_800_800-1-50x50.webp 50w\" sizes=\"(max-width: 800px) 100vw, 800px\" \/>\t\t\t\t\t\t\t\t\t\t\t\t\t\t\t<\/div>\n\t\t\t\t<\/div>\n\t\t\t\t<div class=\"elementor-element elementor-element-2546eb0 elementor-widget elementor-widget-image\" data-id=\"2546eb0\" data-element_type=\"widget\" data-settings=\"{&quot;ekit_we_effect_on&quot;:&quot;none&quot;}\" data-widget_type=\"image.default\">\n\t\t\t\t<div class=\"elementor-widget-container\">\n\t\t\t\t\t\t\t\t\t\t\t\t\t\t\t<img loading=\"lazy\" decoding=\"async\" width=\"800\" height=\"800\" src=\"https:\/\/fluidnavigation.shop\/wp-content\/uploads\/2025\/12\/22739429d6ac43ca80935c1727ef71e6tplv-aphluv4xwc-resize-webp_800_800-1.webp\" class=\"attachment-large size-large wp-image-2095 wvs-archive-product-image\" alt=\"\" srcset=\"https:\/\/fluidnavigation.shop\/wp-content\/uploads\/2025\/12\/22739429d6ac43ca80935c1727ef71e6tplv-aphluv4xwc-resize-webp_800_800-1.webp 800w, https:\/\/fluidnavigation.shop\/wp-content\/uploads\/2025\/12\/22739429d6ac43ca80935c1727ef71e6tplv-aphluv4xwc-resize-webp_800_800-1-300x300.webp 300w, https:\/\/fluidnavigation.shop\/wp-content\/uploads\/2025\/12\/22739429d6ac43ca80935c1727ef71e6tplv-aphluv4xwc-resize-webp_800_800-1-150x150.webp 150w, https:\/\/fluidnavigation.shop\/wp-content\/uploads\/2025\/12\/22739429d6ac43ca80935c1727ef71e6tplv-aphluv4xwc-resize-webp_800_800-1-768x768.webp 768w, https:\/\/fluidnavigation.shop\/wp-content\/uploads\/2025\/12\/22739429d6ac43ca80935c1727ef71e6tplv-aphluv4xwc-resize-webp_800_800-1-12x12.webp 12w, https:\/\/fluidnavigation.shop\/wp-content\/uploads\/2025\/12\/22739429d6ac43ca80935c1727ef71e6tplv-aphluv4xwc-resize-webp_800_800-1-600x600.webp 600w, https:\/\/fluidnavigation.shop\/wp-content\/uploads\/2025\/12\/22739429d6ac43ca80935c1727ef71e6tplv-aphluv4xwc-resize-webp_800_800-1-100x100.webp 100w, https:\/\/fluidnavigation.shop\/wp-content\/uploads\/2025\/12\/22739429d6ac43ca80935c1727ef71e6tplv-aphluv4xwc-resize-webp_800_800-1-50x50.webp 50w\" sizes=\"(max-width: 800px) 100vw, 800px\" \/>\t\t\t\t\t\t\t\t\t\t\t\t\t\t\t<\/div>\n\t\t\t\t<\/div>\n\t\t\t\t<div class=\"elementor-element elementor-element-d964171 elementor-widget elementor-widget-image\" data-id=\"d964171\" data-element_type=\"widget\" data-settings=\"{&quot;ekit_we_effect_on&quot;:&quot;none&quot;}\" data-widget_type=\"image.default\">\n\t\t\t\t<div class=\"elementor-widget-container\">\n\t\t\t\t\t\t\t\t\t\t\t\t\t\t\t<img loading=\"lazy\" decoding=\"async\" width=\"800\" height=\"800\" src=\"https:\/\/fluidnavigation.shop\/wp-content\/uploads\/2025\/12\/a765be95a3aa42beaa1bcaf27c2c9585tplv-aphluv4xwc-resize-webp_800_800.webp\" class=\"attachment-large size-large wp-image-2096 wvs-archive-product-image\" alt=\"\" srcset=\"https:\/\/fluidnavigation.shop\/wp-content\/uploads\/2025\/12\/a765be95a3aa42beaa1bcaf27c2c9585tplv-aphluv4xwc-resize-webp_800_800.webp 800w, https:\/\/fluidnavigation.shop\/wp-content\/uploads\/2025\/12\/a765be95a3aa42beaa1bcaf27c2c9585tplv-aphluv4xwc-resize-webp_800_800-300x300.webp 300w, https:\/\/fluidnavigation.shop\/wp-content\/uploads\/2025\/12\/a765be95a3aa42beaa1bcaf27c2c9585tplv-aphluv4xwc-resize-webp_800_800-150x150.webp 150w, https:\/\/fluidnavigation.shop\/wp-content\/uploads\/2025\/12\/a765be95a3aa42beaa1bcaf27c2c9585tplv-aphluv4xwc-resize-webp_800_800-768x768.webp 768w, https:\/\/fluidnavigation.shop\/wp-content\/uploads\/2025\/12\/a765be95a3aa42beaa1bcaf27c2c9585tplv-aphluv4xwc-resize-webp_800_800-12x12.webp 12w, https:\/\/fluidnavigation.shop\/wp-content\/uploads\/2025\/12\/a765be95a3aa42beaa1bcaf27c2c9585tplv-aphluv4xwc-resize-webp_800_800-600x600.webp 600w, https:\/\/fluidnavigation.shop\/wp-content\/uploads\/2025\/12\/a765be95a3aa42beaa1bcaf27c2c9585tplv-aphluv4xwc-resize-webp_800_800-100x100.webp 100w, https:\/\/fluidnavigation.shop\/wp-content\/uploads\/2025\/12\/a765be95a3aa42beaa1bcaf27c2c9585tplv-aphluv4xwc-resize-webp_800_800-50x50.webp 50w\" sizes=\"(max-width: 800px) 100vw, 800px\" \/>\t\t\t\t\t\t\t\t\t\t\t\t\t\t\t<\/div>\n\t\t\t\t<\/div>\n\t\t\t\t<div class=\"elementor-element elementor-element-1927584 elementor-widget elementor-widget-image\" data-id=\"1927584\" data-element_type=\"widget\" data-settings=\"{&quot;ekit_we_effect_on&quot;:&quot;none&quot;}\" data-widget_type=\"image.default\">\n\t\t\t\t<div class=\"elementor-widget-container\">\n\t\t\t\t\t\t\t\t\t\t\t\t\t\t\t<img loading=\"lazy\" decoding=\"async\" width=\"800\" height=\"800\" src=\"https:\/\/fluidnavigation.shop\/wp-content\/uploads\/2025\/12\/e847d7f0aa5a451da5795422cbd797aftplv-aphluv4xwc-resize-webp_800_800.webp\" class=\"attachment-large size-large wp-image-2097 wvs-archive-product-image\" alt=\"\" srcset=\"https:\/\/fluidnavigation.shop\/wp-content\/uploads\/2025\/12\/e847d7f0aa5a451da5795422cbd797aftplv-aphluv4xwc-resize-webp_800_800.webp 800w, https:\/\/fluidnavigation.shop\/wp-content\/uploads\/2025\/12\/e847d7f0aa5a451da5795422cbd797aftplv-aphluv4xwc-resize-webp_800_800-300x300.webp 300w, https:\/\/fluidnavigation.shop\/wp-content\/uploads\/2025\/12\/e847d7f0aa5a451da5795422cbd797aftplv-aphluv4xwc-resize-webp_800_800-150x150.webp 150w, https:\/\/fluidnavigation.shop\/wp-content\/uploads\/2025\/12\/e847d7f0aa5a451da5795422cbd797aftplv-aphluv4xwc-resize-webp_800_800-768x768.webp 768w, https:\/\/fluidnavigation.shop\/wp-content\/uploads\/2025\/12\/e847d7f0aa5a451da5795422cbd797aftplv-aphluv4xwc-resize-webp_800_800-12x12.webp 12w, https:\/\/fluidnavigation.shop\/wp-content\/uploads\/2025\/12\/e847d7f0aa5a451da5795422cbd797aftplv-aphluv4xwc-resize-webp_800_800-600x600.webp 600w, https:\/\/fluidnavigation.shop\/wp-content\/uploads\/2025\/12\/e847d7f0aa5a451da5795422cbd797aftplv-aphluv4xwc-resize-webp_800_800-100x100.webp 100w, https:\/\/fluidnavigation.shop\/wp-content\/uploads\/2025\/12\/e847d7f0aa5a451da5795422cbd797aftplv-aphluv4xwc-resize-webp_800_800-50x50.webp 50w\" sizes=\"(max-width: 800px) 100vw, 800px\" \/>\t\t\t\t\t\t\t\t\t\t\t\t\t\t\t<\/div>\n\t\t\t\t<\/div>\n\t\t\t\t<div class=\"elementor-element elementor-element-7b9c8c9f elementor-widget elementor-widget-text-editor\" data-id=\"7b9c8c9f\" data-element_type=\"widget\" data-settings=\"{&quot;ekit_we_effect_on&quot;:&quot;none&quot;}\" data-widget_type=\"text-editor.default\">\n\t\t\t\t<div class=\"elementor-widget-container\">\n\t\t\t\t\t\t\t\t\t<ul><li>Inversor<\/li><li>Modelos aplicables: gasolina 12v\/veh\u00edculo diesel 12v<\/li><li>Tensi\u00f3n de entrada: 220<\/li><li>Tipo de protecci\u00f3n: protecci\u00f3n contra cortocircuitos, protecci\u00f3n contra sobrecarga, etc.<\/li><\/ul>\t\t\t\t\t\t\t\t<\/div>\n\t\t\t\t<\/div>\n\t\t\t\t\t<\/div>\n\t\t\t\t<\/div>\n\t\t\t\t<\/div>","protected":false},"excerpt":{"rendered":"<p>Inversor Modelos aplicables: veh??culo de gasolina 12v\/veh??culo diesel 12v Voltaje de entrada: 220 Tipo de protecci??n: protecci??n contra cortocircuitos, protecci??n contra sobrecarga, etc.<\/p>","protected":false},"featured_media":2077,"comment_status":"open","ping_status":"closed","template":"","meta":{"_acf_changed":false},"product_brand":[],"product_cat":[47],"product_tag":[],"class_list":{"0":"post-2076","1":"product","2":"type-product","3":"status-publish","4":"has-post-thumbnail","6":"product_cat-best-seller","8":"first","9":"instock","10":"sale","11":"shipping-taxable","12":"purchasable","13":"product-type-simple"},"acf":[],"_links":{"self":[{"href":"https:\/\/fluidnavigation.shop\/es\/wp-json\/wp\/v2\/product\/2076","targetHints":{"allow":["GET"]}}],"collection":[{"href":"https:\/\/fluidnavigation.shop\/es\/wp-json\/wp\/v2\/product"}],"about":[{"href":"https:\/\/fluidnavigation.shop\/es\/wp-json\/wp\/v2\/types\/product"}],"replies":[{"embeddable":true,"href":"https:\/\/fluidnavigation.shop\/es\/wp-json\/wp\/v2\/comments?post=2076"}],"version-history":[{"count":8,"href":"https:\/\/fluidnavigation.shop\/es\/wp-json\/wp\/v2\/product\/2076\/revisions"}],"predecessor-version":[{"id":2103,"href":"https:\/\/fluidnavigation.shop\/es\/wp-json\/wp\/v2\/product\/2076\/revisions\/2103"}],"wp:featuredmedia":[{"embeddable":true,"href":"https:\/\/fluidnavigation.shop\/es\/wp-json\/wp\/v2\/media\/2077"}],"wp:attachment":[{"href":"https:\/\/fluidnavigation.shop\/es\/wp-json\/wp\/v2\/media?parent=2076"}],"wp:term":[{"taxonomy":"product_brand","embeddable":true,"href":"https:\/\/fluidnavigation.shop\/es\/wp-json\/wp\/v2\/product_brand?post=2076"},{"taxonomy":"product_cat","embeddable":true,"href":"https:\/\/fluidnavigation.shop\/es\/wp-json\/wp\/v2\/product_cat?post=2076"},{"taxonomy":"product_tag","embeddable":true,"href":"https:\/\/fluidnavigation.shop\/es\/wp-json\/wp\/v2\/product_tag?post=2076"}],"curies":[{"name":"wp","href":"https:\/\/api.w.org\/{rel}","templated":true}]}}