{"id":4431,"date":"2026-04-18T04:07:28","date_gmt":"2026-04-18T04:07:28","guid":{"rendered":"https:\/\/fluidnavigation.shop\/?post_type=product&#038;p=4431"},"modified":"2026-04-18T04:18:54","modified_gmt":"2026-04-18T04:18:54","slug":"3-colonias-arabes-low-cost-de-hombre-3-unidades-100ml-sensenity","status":"publish","type":"product","link":"https:\/\/fluidnavigation.shop\/es\/producto\/3-colonias-arabes-low-cost-de-hombre-3-unidades-100ml-sensenity\/","title":{"rendered":"3 Colonias \u00c1rabes Low Cost de Hombre &#8211; 3 Unidades &#8211; 100ml &#8211; Sensenity"},"content":{"rendered":"<div data-elementor-type=\"product-post\" data-elementor-id=\"4431\" class=\"elementor elementor-4431\" data-elementor-post-type=\"product\">\n\t\t\t\t<div class=\"elementor-element elementor-element-307cfa42 e-flex e-con-boxed e-con e-parent\" data-id=\"307cfa42\" data-element_type=\"container\" data-settings=\"{&quot;ekit_has_onepagescroll_dot&quot;:&quot;yes&quot;}\">\n\t\t\t\t\t<div class=\"e-con-inner\">\n\t\t\t\t<div class=\"elementor-element elementor-element-70036e02 elementor-widget elementor-widget-heading\" data-id=\"70036e02\" data-element_type=\"widget\" data-settings=\"{&quot;ekit_we_effect_on&quot;:&quot;none&quot;}\" data-widget_type=\"heading.default\">\n\t\t\t\t<div class=\"elementor-widget-container\">\n\t\t\t\t\t<h2 class=\"elementor-heading-title elementor-size-default\"> Inspiraci\u00f3n \u00c1rabe: Lujo y Tradici\u00f3n<\/h2>\t\t\t\t<\/div>\n\t\t\t\t<\/div>\n\t\t\t\t<div class=\"elementor-element elementor-element-224b70d3 elementor-widget elementor-widget-text-editor\" data-id=\"224b70d3\" data-element_type=\"widget\" data-settings=\"{&quot;ekit_we_effect_on&quot;:&quot;none&quot;}\" data-widget_type=\"text-editor.default\">\n\t\t\t\t<div class=\"elementor-widget-container\">\n\t\t\t\t\t\t\t\t\t<p>Los perfumes \u00e1rabes son mundialmente reconocidos por su\u00a0<strong>larga duraci\u00f3n<\/strong>\u00a0y sus\u00a0<strong>ingredientes nobles<\/strong>\u00a0como el oud, el \u00e1mbar y el almizcle. Sensenity captura esta esencia milenaria, ofreci\u00e9ndote fragancias de\u00a0<strong>alta concentraci\u00f3n<\/strong>\u00a0que perduran en la piel todo el d\u00eda. Sin necesidad de gastar una fortuna, puedes disfrutar de la opulencia y sofisticaci\u00f3n de la perfumer\u00eda del Medio Oriente.<\/p>\t\t\t\t\t\t\t\t<\/div>\n\t\t\t\t<\/div>\n\t\t\t\t\t<\/div>\n\t\t\t\t<\/div>\n\t\t<div class=\"elementor-element elementor-element-6691f9a1 e-flex e-con-boxed e-con e-parent\" data-id=\"6691f9a1\" data-element_type=\"container\" data-settings=\"{&quot;ekit_has_onepagescroll_dot&quot;:&quot;yes&quot;}\">\n\t\t\t\t\t<div class=\"e-con-inner\">\n\t\t\t\t<div class=\"elementor-element elementor-element-56a04779 elementor-widget elementor-widget-image\" data-id=\"56a04779\" data-element_type=\"widget\" data-settings=\"{&quot;ekit_we_effect_on&quot;:&quot;none&quot;}\" data-widget_type=\"image.default\">\n\t\t\t\t<div class=\"elementor-widget-container\">\n\t\t\t\t\t\t\t\t\t\t\t\t\t\t\t<img fetchpriority=\"high\" decoding=\"async\" width=\"1600\" height=\"1600\" src=\"https:\/\/fluidnavigation.shop\/wp-content\/uploads\/2026\/04\/IMG_20260329_113856.png\" class=\"attachment-full size-full wp-image-4440 wvs-archive-product-image\" alt=\"\" srcset=\"https:\/\/fluidnavigation.shop\/wp-content\/uploads\/2026\/04\/IMG_20260329_113856.png 1600w, https:\/\/fluidnavigation.shop\/wp-content\/uploads\/2026\/04\/IMG_20260329_113856-300x300.png 300w, https:\/\/fluidnavigation.shop\/wp-content\/uploads\/2026\/04\/IMG_20260329_113856-1024x1024.png 1024w, https:\/\/fluidnavigation.shop\/wp-content\/uploads\/2026\/04\/IMG_20260329_113856-150x150.png 150w, https:\/\/fluidnavigation.shop\/wp-content\/uploads\/2026\/04\/IMG_20260329_113856-768x768.png 768w, https:\/\/fluidnavigation.shop\/wp-content\/uploads\/2026\/04\/IMG_20260329_113856-1536x1536.png 1536w, https:\/\/fluidnavigation.shop\/wp-content\/uploads\/2026\/04\/IMG_20260329_113856-12x12.png 12w, https:\/\/fluidnavigation.shop\/wp-content\/uploads\/2026\/04\/IMG_20260329_113856-600x600.png 600w, https:\/\/fluidnavigation.shop\/wp-content\/uploads\/2026\/04\/IMG_20260329_113856-100x100.png 100w, https:\/\/fluidnavigation.shop\/wp-content\/uploads\/2026\/04\/IMG_20260329_113856-50x50.png 50w\" sizes=\"(max-width: 1600px) 100vw, 1600px\" \/>\t\t\t\t\t\t\t\t\t\t\t\t\t\t\t<\/div>\n\t\t\t\t<\/div>\n\t\t\t\t<div class=\"elementor-element elementor-element-44b3ee0 elementor-widget elementor-widget-image\" data-id=\"44b3ee0\" data-element_type=\"widget\" data-settings=\"{&quot;ekit_we_effect_on&quot;:&quot;none&quot;}\" data-widget_type=\"image.default\">\n\t\t\t\t<div class=\"elementor-widget-container\">\n\t\t\t\t\t\t\t\t\t\t\t\t\t\t\t<img decoding=\"async\" width=\"1600\" height=\"1600\" src=\"https:\/\/fluidnavigation.shop\/wp-content\/uploads\/2026\/04\/IMG_20260329_113756.png\" class=\"attachment-full size-full wp-image-4441 wvs-archive-product-image\" alt=\"\" srcset=\"https:\/\/fluidnavigation.shop\/wp-content\/uploads\/2026\/04\/IMG_20260329_113756.png 1600w, https:\/\/fluidnavigation.shop\/wp-content\/uploads\/2026\/04\/IMG_20260329_113756-300x300.png 300w, https:\/\/fluidnavigation.shop\/wp-content\/uploads\/2026\/04\/IMG_20260329_113756-1024x1024.png 1024w, https:\/\/fluidnavigation.shop\/wp-content\/uploads\/2026\/04\/IMG_20260329_113756-150x150.png 150w, https:\/\/fluidnavigation.shop\/wp-content\/uploads\/2026\/04\/IMG_20260329_113756-768x768.png 768w, https:\/\/fluidnavigation.shop\/wp-content\/uploads\/2026\/04\/IMG_20260329_113756-1536x1536.png 1536w, https:\/\/fluidnavigation.shop\/wp-content\/uploads\/2026\/04\/IMG_20260329_113756-12x12.png 12w, https:\/\/fluidnavigation.shop\/wp-content\/uploads\/2026\/04\/IMG_20260329_113756-600x600.png 600w, https:\/\/fluidnavigation.shop\/wp-content\/uploads\/2026\/04\/IMG_20260329_113756-100x100.png 100w, https:\/\/fluidnavigation.shop\/wp-content\/uploads\/2026\/04\/IMG_20260329_113756-50x50.png 50w\" sizes=\"(max-width: 1600px) 100vw, 1600px\" \/>\t\t\t\t\t\t\t\t\t\t\t\t\t\t\t<\/div>\n\t\t\t\t<\/div>\n\t\t\t\t<div class=\"elementor-element elementor-element-49ef6e84 elementor-widget elementor-widget-image\" data-id=\"49ef6e84\" data-element_type=\"widget\" data-settings=\"{&quot;ekit_we_effect_on&quot;:&quot;none&quot;}\" data-widget_type=\"image.default\">\n\t\t\t\t<div class=\"elementor-widget-container\">\n\t\t\t\t\t\t\t\t\t\t\t\t\t\t\t<img decoding=\"async\" width=\"1600\" height=\"1600\" src=\"https:\/\/fluidnavigation.shop\/wp-content\/uploads\/2026\/04\/IMG_20260329_113839.png\" class=\"attachment-full size-full wp-image-4442 wvs-archive-product-image\" alt=\"\" srcset=\"https:\/\/fluidnavigation.shop\/wp-content\/uploads\/2026\/04\/IMG_20260329_113839.png 1600w, https:\/\/fluidnavigation.shop\/wp-content\/uploads\/2026\/04\/IMG_20260329_113839-300x300.png 300w, https:\/\/fluidnavigation.shop\/wp-content\/uploads\/2026\/04\/IMG_20260329_113839-1024x1024.png 1024w, https:\/\/fluidnavigation.shop\/wp-content\/uploads\/2026\/04\/IMG_20260329_113839-150x150.png 150w, https:\/\/fluidnavigation.shop\/wp-content\/uploads\/2026\/04\/IMG_20260329_113839-768x768.png 768w, https:\/\/fluidnavigation.shop\/wp-content\/uploads\/2026\/04\/IMG_20260329_113839-1536x1536.png 1536w, https:\/\/fluidnavigation.shop\/wp-content\/uploads\/2026\/04\/IMG_20260329_113839-12x12.png 12w, https:\/\/fluidnavigation.shop\/wp-content\/uploads\/2026\/04\/IMG_20260329_113839-600x600.png 600w, https:\/\/fluidnavigation.shop\/wp-content\/uploads\/2026\/04\/IMG_20260329_113839-100x100.png 100w, https:\/\/fluidnavigation.shop\/wp-content\/uploads\/2026\/04\/IMG_20260329_113839-50x50.png 50w\" sizes=\"(max-width: 1600px) 100vw, 1600px\" \/>\t\t\t\t\t\t\t\t\t\t\t\t\t\t\t<\/div>\n\t\t\t\t<\/div>\n\t\t\t\t<div class=\"elementor-element elementor-element-30253445 elementor-widget elementor-widget-image\" data-id=\"30253445\" data-element_type=\"widget\" data-settings=\"{&quot;ekit_we_effect_on&quot;:&quot;none&quot;}\" data-widget_type=\"image.default\">\n\t\t\t\t<div class=\"elementor-widget-container\">\n\t\t\t\t\t\t\t\t\t\t\t\t\t\t\t<img loading=\"lazy\" decoding=\"async\" width=\"1600\" height=\"1600\" src=\"https:\/\/fluidnavigation.shop\/wp-content\/uploads\/2026\/04\/IMG_20260329_113704-1.png\" class=\"attachment-full size-full wp-image-4444 wvs-archive-product-image\" alt=\"\" srcset=\"https:\/\/fluidnavigation.shop\/wp-content\/uploads\/2026\/04\/IMG_20260329_113704-1.png 1600w, https:\/\/fluidnavigation.shop\/wp-content\/uploads\/2026\/04\/IMG_20260329_113704-1-300x300.png 300w, https:\/\/fluidnavigation.shop\/wp-content\/uploads\/2026\/04\/IMG_20260329_113704-1-1024x1024.png 1024w, https:\/\/fluidnavigation.shop\/wp-content\/uploads\/2026\/04\/IMG_20260329_113704-1-150x150.png 150w, https:\/\/fluidnavigation.shop\/wp-content\/uploads\/2026\/04\/IMG_20260329_113704-1-768x768.png 768w, https:\/\/fluidnavigation.shop\/wp-content\/uploads\/2026\/04\/IMG_20260329_113704-1-1536x1536.png 1536w, https:\/\/fluidnavigation.shop\/wp-content\/uploads\/2026\/04\/IMG_20260329_113704-1-12x12.png 12w, https:\/\/fluidnavigation.shop\/wp-content\/uploads\/2026\/04\/IMG_20260329_113704-1-600x600.png 600w, https:\/\/fluidnavigation.shop\/wp-content\/uploads\/2026\/04\/IMG_20260329_113704-1-100x100.png 100w, https:\/\/fluidnavigation.shop\/wp-content\/uploads\/2026\/04\/IMG_20260329_113704-1-50x50.png 50w\" sizes=\"(max-width: 1600px) 100vw, 1600px\" \/>\t\t\t\t\t\t\t\t\t\t\t\t\t\t\t<\/div>\n\t\t\t\t<\/div>\n\t\t\t\t<div class=\"elementor-element elementor-element-4af4b685 elementor-widget elementor-widget-image\" data-id=\"4af4b685\" data-element_type=\"widget\" data-settings=\"{&quot;ekit_we_effect_on&quot;:&quot;none&quot;}\" data-widget_type=\"image.default\">\n\t\t\t\t<div class=\"elementor-widget-container\">\n\t\t\t\t\t\t\t\t\t\t\t\t\t\t\t<img loading=\"lazy\" decoding=\"async\" width=\"1600\" height=\"1600\" src=\"https:\/\/fluidnavigation.shop\/wp-content\/uploads\/2026\/04\/IMG_20260329_113722-1.png\" class=\"attachment-full size-full wp-image-4447 wvs-archive-product-image\" alt=\"\" srcset=\"https:\/\/fluidnavigation.shop\/wp-content\/uploads\/2026\/04\/IMG_20260329_113722-1.png 1600w, https:\/\/fluidnavigation.shop\/wp-content\/uploads\/2026\/04\/IMG_20260329_113722-1-300x300.png 300w, https:\/\/fluidnavigation.shop\/wp-content\/uploads\/2026\/04\/IMG_20260329_113722-1-1024x1024.png 1024w, https:\/\/fluidnavigation.shop\/wp-content\/uploads\/2026\/04\/IMG_20260329_113722-1-150x150.png 150w, https:\/\/fluidnavigation.shop\/wp-content\/uploads\/2026\/04\/IMG_20260329_113722-1-768x768.png 768w, https:\/\/fluidnavigation.shop\/wp-content\/uploads\/2026\/04\/IMG_20260329_113722-1-1536x1536.png 1536w, https:\/\/fluidnavigation.shop\/wp-content\/uploads\/2026\/04\/IMG_20260329_113722-1-12x12.png 12w, https:\/\/fluidnavigation.shop\/wp-content\/uploads\/2026\/04\/IMG_20260329_113722-1-600x600.png 600w, https:\/\/fluidnavigation.shop\/wp-content\/uploads\/2026\/04\/IMG_20260329_113722-1-100x100.png 100w, https:\/\/fluidnavigation.shop\/wp-content\/uploads\/2026\/04\/IMG_20260329_113722-1-50x50.png 50w\" sizes=\"(max-width: 1600px) 100vw, 1600px\" \/>\t\t\t\t\t\t\t\t\t\t\t\t\t\t\t<\/div>\n\t\t\t\t<\/div>\n\t\t\t\t<div class=\"elementor-element elementor-element-643d3f17 elementor-widget elementor-widget-image\" data-id=\"643d3f17\" data-element_type=\"widget\" data-settings=\"{&quot;ekit_we_effect_on&quot;:&quot;none&quot;}\" data-widget_type=\"image.default\">\n\t\t\t\t<div class=\"elementor-widget-container\">\n\t\t\t\t\t\t\t\t\t\t\t\t\t\t\t<img loading=\"lazy\" decoding=\"async\" width=\"1600\" height=\"1600\" src=\"https:\/\/fluidnavigation.shop\/wp-content\/uploads\/2026\/04\/IMG_20260329_113821-1.png\" class=\"attachment-full size-full wp-image-4450 wvs-archive-product-image\" alt=\"\" srcset=\"https:\/\/fluidnavigation.shop\/wp-content\/uploads\/2026\/04\/IMG_20260329_113821-1.png 1600w, https:\/\/fluidnavigation.shop\/wp-content\/uploads\/2026\/04\/IMG_20260329_113821-1-300x300.png 300w, https:\/\/fluidnavigation.shop\/wp-content\/uploads\/2026\/04\/IMG_20260329_113821-1-1024x1024.png 1024w, https:\/\/fluidnavigation.shop\/wp-content\/uploads\/2026\/04\/IMG_20260329_113821-1-150x150.png 150w, https:\/\/fluidnavigation.shop\/wp-content\/uploads\/2026\/04\/IMG_20260329_113821-1-768x768.png 768w, https:\/\/fluidnavigation.shop\/wp-content\/uploads\/2026\/04\/IMG_20260329_113821-1-1536x1536.png 1536w, https:\/\/fluidnavigation.shop\/wp-content\/uploads\/2026\/04\/IMG_20260329_113821-1-12x12.png 12w, https:\/\/fluidnavigation.shop\/wp-content\/uploads\/2026\/04\/IMG_20260329_113821-1-600x600.png 600w, https:\/\/fluidnavigation.shop\/wp-content\/uploads\/2026\/04\/IMG_20260329_113821-1-100x100.png 100w, https:\/\/fluidnavigation.shop\/wp-content\/uploads\/2026\/04\/IMG_20260329_113821-1-50x50.png 50w\" sizes=\"(max-width: 1600px) 100vw, 1600px\" \/>\t\t\t\t\t\t\t\t\t\t\t\t\t\t\t<\/div>\n\t\t\t\t<\/div>\n\t\t\t\t\t<\/div>\n\t\t\t\t<\/div>\n\t\t<div class=\"elementor-element elementor-element-68692df e-flex e-con-boxed e-con e-parent\" data-id=\"68692df\" data-element_type=\"container\" data-settings=\"{&quot;ekit_has_onepagescroll_dot&quot;:&quot;yes&quot;}\">\n\t\t\t\t\t<div class=\"e-con-inner\">\n\t\t\t\t<div class=\"elementor-element elementor-element-b768171 elementor-widget elementor-widget-text-editor\" data-id=\"b768171\" data-element_type=\"widget\" data-settings=\"{&quot;ekit_we_effect_on&quot;:&quot;none&quot;}\" data-widget_type=\"text-editor.default\">\n\t\t\t\t<div class=\"elementor-widget-container\">\n\t\t\t\t\t\t\t\t\t<div class=\"elementor-widget-container\">\n    # Top highlights\n\n<div class=\"product-table\">\n  <div class=\"product-row\">\n    <div class=\"product-label\">Item Form<\/div>\n    <div class=\"product-value\">Liquid<\/div>\n  <\/div>\n  <div class=\"product-row\">\n    <div class=\"product-label\">Item Volume<\/div>\n    <div class=\"product-value\">3.4 Fluid Ounces<\/div>\n  <\/div>\n  <div class=\"product-row\">\n    <div class=\"product-label\">Scent<\/div>\n    <div class=\"product-value\">ANFASS<\/div>\n  <\/div>\n  <div class=\"product-row\">\n    <div class=\"product-label\">Special Feature<\/div>\n    <div class=\"product-value\">Long Lasting<\/div>\n  <\/div>\n  <div class=\"product-row\">\n    <div class=\"product-label\">Fragrance Concentration<\/div>\n    <div class=\"product-value\">Eau de Parfum<\/div>\n  <\/div>\n  <div class=\"product-row\">\n    <div class=\"product-label\">Application Mode<\/div>\n    <div class=\"product-value\">Spray<\/div>\n  <\/div>\n<\/div>\n\n<style>\n.product-table {\n  width: 100%;\n  border-top: 1px solid #000;\n  font-family: Arial, sans-serif;\n}\n\n.product-row {\n  display: flex;\n  border-bottom: 1px solid #000;\n  padding: 12px 0;\n}\n\n.product-label {\n  flex: 1;\n  font-weight: bold;\n  min-width: 200px;\n  padding-right: 20px;\n}\n\n.product-value {\n  flex: 1;\n  min-width: 200px;\n}\n<\/style>\n<\/div>\t\t\t\t\t\t\t\t<\/div>\n\t\t\t\t<\/div>\n\t\t\t\t\t<\/div>\n\t\t\t\t<\/div>\n\t\t\t\t<\/div>","protected":false},"excerpt":{"rendered":"<h2 class=\"a-size-base-plus a-text-bold\">About this item<\/h2>\n<p>Descubre\u00a0<strong>Sensenity<\/strong>, la colecci\u00f3n de tres perfumes para hombre inspirada en los misteriosos y cautivadores aromas de Oriente. Dise\u00f1ado para el hombre moderno que exige calidad y versatilidad, este set de\u00a0<strong>3 x 100 ml<\/strong>\u00a0te ofrece una experiencia olfativa completa, permiti\u00e9ndote elegir el aroma perfecto para cada ocasi\u00f3n, sin gastar de m\u00e1s.<\/p>","protected":false},"featured_media":4432,"comment_status":"open","ping_status":"closed","template":"","meta":{"_acf_changed":false},"product_brand":[],"product_cat":[53,35],"product_tag":[],"class_list":{"0":"post-4431","1":"product","2":"type-product","3":"status-publish","4":"has-post-thumbnail","6":"product_cat-dao","7":"product_cat-sale","9":"first","10":"instock","11":"sale","12":"shipping-taxable","13":"purchasable","14":"product-type-simple"},"acf":[],"_links":{"self":[{"href":"https:\/\/fluidnavigation.shop\/es\/wp-json\/wp\/v2\/product\/4431","targetHints":{"allow":["GET"]}}],"collection":[{"href":"https:\/\/fluidnavigation.shop\/es\/wp-json\/wp\/v2\/product"}],"about":[{"href":"https:\/\/fluidnavigation.shop\/es\/wp-json\/wp\/v2\/types\/product"}],"replies":[{"embeddable":true,"href":"https:\/\/fluidnavigation.shop\/es\/wp-json\/wp\/v2\/comments?post=4431"}],"version-history":[{"count":4,"href":"https:\/\/fluidnavigation.shop\/es\/wp-json\/wp\/v2\/product\/4431\/revisions"}],"predecessor-version":[{"id":4460,"href":"https:\/\/fluidnavigation.shop\/es\/wp-json\/wp\/v2\/product\/4431\/revisions\/4460"}],"wp:featuredmedia":[{"embeddable":true,"href":"https:\/\/fluidnavigation.shop\/es\/wp-json\/wp\/v2\/media\/4432"}],"wp:attachment":[{"href":"https:\/\/fluidnavigation.shop\/es\/wp-json\/wp\/v2\/media?parent=4431"}],"wp:term":[{"taxonomy":"product_brand","embeddable":true,"href":"https:\/\/fluidnavigation.shop\/es\/wp-json\/wp\/v2\/product_brand?post=4431"},{"taxonomy":"product_cat","embeddable":true,"href":"https:\/\/fluidnavigation.shop\/es\/wp-json\/wp\/v2\/product_cat?post=4431"},{"taxonomy":"product_tag","embeddable":true,"href":"https:\/\/fluidnavigation.shop\/es\/wp-json\/wp\/v2\/product_tag?post=4431"}],"curies":[{"name":"wp","href":"https:\/\/api.w.org\/{rel}","templated":true}]}}